{"id":132,"date":"2025-02-24T13:23:32","date_gmt":"2025-02-24T13:23:32","guid":{"rendered":"https:\/\/pensiounen.netdelight.be\/home\/"},"modified":"2025-03-04T11:29:29","modified_gmt":"2025-03-04T11:29:29","slug":"home","status":"publish","type":"page","link":"https:\/\/pensiounen.netdelight.be\/fr\/","title":{"rendered":"Home"},"content":{"rendered":"\n<p>Dans le d\u00e9bat sur le syst\u00e8me des retraites, on voit d\u00e9j\u00e0 que le gouvernement CSV-DP, pouss\u00e9 par le patronat, pr\u00e9pare une casse sociale sans pr\u00e9c\u00e9dent. Contre cette attaque id\u00e9ologique, d\u00e9i L\u00e9nk propose un <strong>programme en cinq points<\/strong> qui non seulement pr\u00e9serve mais renforce le syst\u00e8me.<\/p>\n","protected":false},"excerpt":{"rendered":"<p>Dans le d\u00e9bat sur le syst\u00e8me des retraites, on voit d\u00e9j\u00e0 que le gouvernement CSV-DP, pouss\u00e9 par le patronat, pr\u00e9pare une casse sociale sans pr\u00e9c\u00e9dent. Contre cette attaque id\u00e9ologique, d\u00e9i L\u00e9nk propose un programme &#8230;<\/p>\n","protected":false},"author":1,"featured_media":0,"parent":0,"menu_order":0,"comment_status":"closed","ping_status":"closed","template":"","meta":{"inline_featured_image":false,"footnotes":""},"class_list":["post-132","page","type-page","status-publish","hentry"],"_links":{"self":[{"href":"https:\/\/pensiounen.netdelight.be\/fr\/wp-json\/wp\/v2\/pages\/132","targetHints":{"allow":["GET"]}}],"collection":[{"href":"https:\/\/pensiounen.netdelight.be\/fr\/wp-json\/wp\/v2\/pages"}],"about":[{"href":"https:\/\/pensiounen.netdelight.be\/fr\/wp-json\/wp\/v2\/types\/page"}],"author":[{"embeddable":true,"href":"https:\/\/pensiounen.netdelight.be\/fr\/wp-json\/wp\/v2\/users\/1"}],"replies":[{"embeddable":true,"href":"https:\/\/pensiounen.netdelight.be\/fr\/wp-json\/wp\/v2\/comments?post=132"}],"version-history":[{"count":3,"href":"https:\/\/pensiounen.netdelight.be\/fr\/wp-json\/wp\/v2\/pages\/132\/revisions"}],"predecessor-version":[{"id":144,"href":"https:\/\/pensiounen.netdelight.be\/fr\/wp-json\/wp\/v2\/pages\/132\/revisions\/144"}],"wp:attachment":[{"href":"https:\/\/pensiounen.netdelight.be\/fr\/wp-json\/wp\/v2\/media?parent=132"}],"curies":[{"name":"wp","href":"https:\/\/api.w.org\/{rel}","templated":true}]}}